{"id":3911,"date":"2020-05-01T17:09:07","date_gmt":"2020-05-01T15:09:07","guid":{"rendered":"https:\/\/lp-pedicure.be\/?page_id=3911"},"modified":"2020-05-01T17:27:45","modified_gmt":"2020-05-01T15:27:45","slug":"remboursement-mutuelle","status":"publish","type":"page","link":"https:\/\/lp-pedicure.be\/index.php\/remboursement-mutuelle\/","title":{"rendered":"Remboursement Mutuelle"},"content":{"rendered":"<p>[vc_row][vc_column][vc_text_separator title=\u00a0\u00bbSOLIDARIS\u00a0\u00bb][\/vc_column][\/vc_row][vc_row][vc_column width=\u00a0\u00bb1\/2&Prime;][vc_column_text]<\/p>\n<p style=\"text-align: center;\">Vous pouvez b\u00e9n\u00e9ficier d\u2019une intervention de 6\u20ac\/s\u00e9ance\u00a0pour un maximum de 5 s\u00e9ances\/an et par b\u00e9n\u00e9ficiaire\u00a0;<\/p>\n<p style=\"text-align: center;\">Pour les personnes diab\u00e9tiques quant \u00e0 elles, b\u00e9n\u00e9ficieront de s\u00e9ances suppl\u00e9mentaires\u00a0;<\/p>\n<p style=\"text-align: center;\">Donc, un avantage de 30\u20ac (42\u20ac pour les personnes diab\u00e9tiques) dont vous avez droit tout en prenant soin de vos pieds.<\/p>\n<p>[\/vc_column_text][\/vc_column][vc_column width=\u00a0\u00bb1\/2&Prime;][vc_single_image image=\u00a0\u00bb3915&Prime; img_size=\u00a0\u00bbfull\u00a0\u00bb][\/vc_column][\/vc_row][vc_row][vc_column][vc_text_separator title=\u00a0\u00bbPARTENAMUT\u00a0\u00bb][\/vc_column][\/vc_row][vc_row][vc_column width=\u00a0\u00bb1\/2&Prime;][vc_single_image image=\u00a0\u00bb3919&Prime; img_size=\u00a0\u00bbfull\u00a0\u00bb][\/vc_column][vc_column width=\u00a0\u00bb1\/2&Prime;][vc_column_text]<\/p>\n<p style=\"text-align: center;\">Celle-ci rembourse 5\u20ac\/s\u00e9ance de p\u00e9dicure m\u00e9dicale pour un maximum de 6 s\u00e9ances\/an.<\/p>\n<p style=\"text-align: center;\">Donc, un avantage de 30\u20ac\/an \u00e9galement.<\/p>\n<p>[\/vc_column_text][\/vc_column][\/vc_row][vc_row][vc_column][vc_text_separator title=\u00a0\u00bbNEUTRE\u00a0\u00bb][\/vc_column][\/vc_row][vc_row][vc_column width=\u00a0\u00bb1\/2&Prime;][vc_column_text]Celle-ci rembourse pour 20\u20ac\/an. \u00c0 raison de 5\u20ac\/s\u00e9ance.<\/p>\n<p>Par contre, pour les personnes de moins de 65 ans, un certificat m\u00e9dical d\u00e9livr\u00e9 par un m\u00e9decin est n\u00e9cessaire.<\/p>\n<p>&nbsp;<\/p>\n<p>Pour tout remboursement, je vous d\u00e9livrerai un re\u00e7u ou vous devrez apposer une vignette de votre mutuelle sauf pour la mutualit\u00e9 Partenamut ainsi que la Neutre qui elles, fournissent un formulaire \u00e0 faire remplir lors de votre soin.[\/vc_column_text][\/vc_column][vc_column width=\u00a0\u00bb1\/2&Prime;][vc_single_image image=\u00a0\u00bb3921&Prime; img_size=\u00a0\u00bbfull\u00a0\u00bb][\/vc_column][\/vc_row][vc_row][vc_column][vc_text_separator title=\u00a0\u00bbCHRETIENNE\u00a0\u00bb][\/vc_column][\/vc_row][vc_row][vc_column][vc_column_text]<\/p>\n<p style=\"text-align: center;\">ATTENTION\u00a0! Concernant la mutualit\u00e9 CHRETIENNE, elle, ne rembourse en aucun cas les soins de p\u00e9dicurie m\u00e9dicale mais bien ceux d\u00e9livr\u00e9s par des podologues.<\/p>\n<p>[\/vc_column_text][\/vc_column][\/vc_row]<\/p>\n","protected":false},"excerpt":{"rendered":"<p>[vc_row][vc_column][vc_text_separator title=\u00a0\u00bbSOLIDARIS\u00a0\u00bb][\/vc_column][\/vc_row][vc_row][vc_column width=\u00a0\u00bb1\/2&Prime;][vc_column_text] Vous pouvez b\u00e9n\u00e9ficier d\u2019une intervention de 6\u20ac\/s\u00e9ance\u00a0pour un maximum de 5 s\u00e9ances\/an et par b\u00e9n\u00e9ficiaire\u00a0; Pour les personnes diab\u00e9tiques quant \u00e0 elles, b\u00e9n\u00e9ficieront de s\u00e9ances suppl\u00e9mentaires\u00a0; Donc, un avantage de 30\u20ac (42\u20ac pour les personnes diab\u00e9tiques) dont vous avez droit tout en prenant soin de vos pieds. [\/vc_column_text][\/vc_column][vc_column width=\u00a0\u00bb1\/2&Prime;][vc_single_image image=\u00a0\u00bb3915&Prime; img_size=\u00a0\u00bbfull\u00a0\u00bb][\/vc_column][\/vc_row][vc_row][vc_column][vc_text_separator title=\u00a0\u00bbPARTENAMUT\u00a0\u00bb][\/vc_column][\/vc_row][vc_row][vc_column &hellip; <a href=\"https:\/\/lp-pedicure.be\/index.php\/remboursement-mutuelle\/\" class=\"more-link\">Continue reading <span class=\"screen-reader-text\">Remboursement Mutuelle<\/span><\/a><\/p>\n","protected":false},"author":1,"featured_media":0,"parent":0,"menu_order":0,"comment_status":"closed","ping_status":"closed","template":"","meta":{"footnotes":""},"class_list":["post-3911","page","type-page","status-publish","hentry"],"_links":{"self":[{"href":"https:\/\/lp-pedicure.be\/index.php\/wp-json\/wp\/v2\/pages\/3911"}],"collection":[{"href":"https:\/\/lp-pedicure.be\/index.php\/wp-json\/wp\/v2\/pages"}],"about":[{"href":"https:\/\/lp-pedicure.be\/index.php\/wp-json\/wp\/v2\/types\/page"}],"author":[{"embeddable":true,"href":"https:\/\/lp-pedicure.be\/index.php\/wp-json\/wp\/v2\/users\/1"}],"replies":[{"embeddable":true,"href":"https:\/\/lp-pedicure.be\/index.php\/wp-json\/wp\/v2\/comments?post=3911"}],"version-history":[{"count":9,"href":"https:\/\/lp-pedicure.be\/index.php\/wp-json\/wp\/v2\/pages\/3911\/revisions"}],"predecessor-version":[{"id":3923,"href":"https:\/\/lp-pedicure.be\/index.php\/wp-json\/wp\/v2\/pages\/3911\/revisions\/3923"}],"wp:attachment":[{"href":"https:\/\/lp-pedicure.be\/index.php\/wp-json\/wp\/v2\/media?parent=3911"}],"curies":[{"name":"wp","href":"https:\/\/api.w.org\/{rel}","templated":true}]}}