{"id":1921,"date":"2019-04-01T08:41:02","date_gmt":"2019-04-01T08:41:02","guid":{"rendered":"http:\/\/localhost\/nutrition\/?page_id=1921"},"modified":"2020-04-25T16:34:09","modified_gmt":"2020-04-25T14:34:09","slug":"services","status":"publish","type":"page","link":"https:\/\/lp-pedicure.be\/index.php\/services\/","title":{"rendered":"P\u00e9dicure m\u00e9dicale"},"content":{"rendered":"<p>[vc_row tm_bgimagefixed=\u00a0\u00bb\u00a0\u00bb break_in_responsive=\u00a0\u00bb991&Prime; full_width=\u00a0\u00bbstretch_row\u00a0\u00bb css=\u00a0\u00bb.vc_custom_1555911544356{padding-bottom: 100px !important;}\u00a0\u00bb tm_responsive_css=\u00a0\u00bb64972087|colbreak_no|||||||||colbreak_no|||||25px||10px||colbreak_no||||||||||colbreak_no|||||||||\u00a0\u00bb][vc_column css=\u00a0\u00bb.vc_custom_1554110401019{padding-right: 25px !important;}\u00a0\u00bb][vc_column_text]<\/p>\n<h5 style=\"text-align: center;\"><em>Les soins que je r\u00e9alise servent essentiellement \u00e0 vous\u00a0soulager, \u00e0\u00a0traiter\u00a0et \u00e0\u00a0pr\u00e9venir\u00a0toutes les affections du pied en g\u00e9n\u00e9ral comme les durillons, les cors, les \u0153il-de-perdrix, les ongles incarn\u00e9s, les mycoses, \u2026 afin d\u2019\u00e9viter toutes infections ou risques de complications douloureuses.<\/em><\/h5>\n<h5 style=\"text-align: center;\"><em>C\u2019est enfin en faisant\u00a0preuve de psychologie, avec une\u00a0hygi\u00e8ne tr\u00e8s stricte\u00a0et\u00a0une continuelle remise \u00e0 jour\u00a0des connaissances que je propose ces diff\u00e9rents soins.<\/em><\/h5>\n<p>[\/vc_column_text][\/vc_column][vc_column css=\u00a0\u00bb.vc_custom_1554110401019{padding-right: 25px !important;}\u00a0\u00bb][vc_row_inner][vc_column_inner][vc_column_text]<\/p>\n<h3><span style=\"color: #99cc00;\">Soins normaux<\/span><\/h3>\n<p>Vos soins pour seulement 27\u20ac[\/vc_column_text][\/vc_column_inner][\/vc_row_inner][vc_row_inner][vc_column_inner width=\u00a0\u00bb1\/2&Prime;]<h2 style=\"text-align:left;font-size:21px;line-height:55px;\" class=\"tm-custom-heading \" >Soins classiques<\/h2>\n[vc_column_text css=\u00a0\u00bb.vc_custom_1584264229004{margin-top: -15px !important;}\u00a0\u00bb]Ces soins incluent un bain de pied, ou la pose de coton afin de pr\u00e9parer le pied, le traitement des zones \u00e0 traiter ( coupe de l\u2019ongle, callosit\u00e9s, durillons, etc. ), la pose d\u2019un pansement si besoin (le pansement complet si saignement, le pansement occlusif pour les mycoses et le pansement r\u00e9g\u00e9n\u00e9rant). Et puis, si vous \u00eates bien sage, un massage des pieds vous est offert\u00a0![\/vc_column_text][\/vc_column_inner][vc_column_inner width=\u00a0\u00bb1\/2&Prime;][vc_single_image image=\u00a0\u00bb3850&Prime; img_size=\u00a0\u00bbfull\u00a0\u00bb css=\u00a0\u00bb.vc_custom_1584264414732{margin-bottom: 5px !important;}\u00a0\u00bb][vc_empty_space][\/vc_column_inner][\/vc_row_inner][vc_column_text css=\u00a0\u00bb.vc_custom_1584264624274{background-color: #efefef !important;}\u00a0\u00bb]<\/p>\n<p style=\"text-align: center;\"><span style=\"color: #333333;\">Des soins r\u00e9guliers sont n\u00e9cessaires pour une personne pr\u00e9sentant des probl\u00e8mes de sant\u00e9 tel que le\u00a0<strong>diab\u00e8te<\/strong>, l\u2019<strong>h\u00e9mophilie<\/strong>. Il faut plus de pr\u00e9cautions, surtout \u00e9viter de les couper car pour un diab\u00e9tique le processus de cicatrisation est tr\u00e8s difficile. Pour l\u2019h\u00e9mophile, une blessure m\u00eame l\u00e9g\u00e8re peut amener de grosses h\u00e9morragies. Cependant, les\u00a0<strong>personnes invalides et\/ou handicap\u00e9es<\/strong>\u00a0ou bien m\u00eame \u00e0 partir d\u2019un\u00a0<strong>certain \u00e2ge<\/strong>, un manque de souplesse s\u2019installe et le fait de ne plus savoir couper ses ongles pr\u00e9cis\u00e9ment peut poser quelques d\u00e9sagr\u00e9ments. Une p\u00e9dicure m\u00e9dicale r\u00e9guli\u00e8re leur est donc conseill\u00e9e.<\/span><\/p>\n<p>[\/vc_column_text][vc_custom_heading text=\u00a0\u00bbOrthoplastie\u00a0\u00bb][vc_separator][vc_column_text]Un essai d&rsquo;une semaine vous est offert ![\/vc_column_text][vc_row_inner][vc_column_inner width=\u00a0\u00bb1\/2&Prime;]<div class=\"tm-sbox tm-sbox-iconalign-left-spacing none tm-sbox-bgcolor-transparent tm-bgcolor-transparent tm-sbox-textcolor- tm-textcolor- tm-sbox-isize-md tm-sbox-isize-md tm-sbox-istyle-none  tm-sbox-heading-only\"><section class=\"tm-vc_cta3-container\"><div class=\"tm-vc_general tm-vc_cta3 tm-vc_cta3-align-left tm-vc_cta3-icon-size-md tm-vc_cta3-icons-left tm-vc_cta3-actions-no\"><div class=\"tm-vc_cta3-icons tm-wrap-cell\"><div class=\"tm-vc_icon_element tm-vc_icon_element-outer tm-vc_icon_element-align-left \"><div class=\"tm-vc_icon_element-inner  tm-vc_icon_element-color-skincolor tm-vc_icon_element-size-md tm-vc_icon_element-style-none tm-vc_icon_element-background-color-grey\" ><span class=\"tm-vc_icon_element-icon fa fa-angle-right\" ><\/span><\/div><\/div><\/div><div class=\"tm-vc_cta3_content-container\"><div class=\"tm-vc_cta3-content\"><div class=\"tm-vc_cta3-content-header tm-wrap\"><div class=\"tm-vc_cta3-headers tm-wrap-cell\"><h2 class=\"tm-custom-heading \" >Hallux Valgus *<\/h2>\n<\/div><\/div><\/div><div class=\"tm-cta3-desc-btn-wrapper\"><div class=\"tm-cta3-description\"><div class=\"tm-cta3-content-wrapper\"><p>40\u20ac<\/p><\/div><\/div><\/div><\/div><\/div><\/section><\/div><div class=\"tm-sbox tm-sbox-iconalign-left-spacing none tm-sbox-bgcolor-transparent tm-bgcolor-transparent tm-sbox-textcolor- tm-textcolor- tm-sbox-isize-md tm-sbox-isize-md tm-sbox-istyle-none  tm-sbox-heading-only\"><section class=\"tm-vc_cta3-container\"><div class=\"tm-vc_general tm-vc_cta3 tm-vc_cta3-align-left tm-vc_cta3-icon-size-md tm-vc_cta3-icons-left tm-vc_cta3-actions-no\"><div class=\"tm-vc_cta3-icons tm-wrap-cell\"><div class=\"tm-vc_icon_element tm-vc_icon_element-outer tm-vc_icon_element-align-left \"><div class=\"tm-vc_icon_element-inner  tm-vc_icon_element-color-skincolor tm-vc_icon_element-size-md tm-vc_icon_element-style-none tm-vc_icon_element-background-color-grey\" ><span class=\"tm-vc_icon_element-icon fa fa-angle-right\" ><\/span><\/div><\/div><\/div><div class=\"tm-vc_cta3_content-container\"><div class=\"tm-vc_cta3-content\"><div class=\"tm-vc_cta3-content-header tm-wrap\"><div class=\"tm-vc_cta3-headers tm-wrap-cell\"><h2 class=\"tm-custom-heading \" >Quintus Varus *<\/h2>\n<\/div><\/div><\/div><div class=\"tm-cta3-desc-btn-wrapper\"><div class=\"tm-cta3-description\"><div class=\"tm-cta3-content-wrapper\"><p>30\u20ac<\/p><\/div><\/div><\/div><\/div><\/div><\/section><\/div><div class=\"tm-sbox tm-sbox-iconalign-left-spacing none tm-sbox-bgcolor-transparent tm-bgcolor-transparent tm-sbox-textcolor- tm-textcolor- tm-sbox-isize-md tm-sbox-isize-md tm-sbox-istyle-none  tm-sbox-heading-only\"><section class=\"tm-vc_cta3-container\"><div class=\"tm-vc_general tm-vc_cta3 tm-vc_cta3-align-left tm-vc_cta3-icon-size-md tm-vc_cta3-icons-left tm-vc_cta3-actions-no\"><div class=\"tm-vc_cta3-icons tm-wrap-cell\"><div class=\"tm-vc_icon_element tm-vc_icon_element-outer tm-vc_icon_element-align-left \"><div class=\"tm-vc_icon_element-inner  tm-vc_icon_element-color-skincolor tm-vc_icon_element-size-md tm-vc_icon_element-style-none tm-vc_icon_element-background-color-grey\" ><span class=\"tm-vc_icon_element-icon fa fa-angle-right\" ><\/span><\/div><\/div><\/div><div class=\"tm-vc_cta3_content-container\"><div class=\"tm-vc_cta3-content\"><div class=\"tm-vc_cta3-content-header tm-wrap\"><div class=\"tm-vc_cta3-headers tm-wrap-cell\"><h2 class=\"tm-custom-heading \" >Orth\u00e8se plantaire<\/h2>\n<\/div><\/div><\/div><div class=\"tm-cta3-desc-btn-wrapper\"><div class=\"tm-cta3-description\"><div class=\"tm-cta3-content-wrapper\"><p>40\u20ac<\/p><\/div><\/div><\/div><\/div><\/div><\/section><\/div>[vc_column_text]<strong>* Hallux Valgus :<\/strong>\u00a0traitement des d\u00e9formations du gros orteil<\/p>\n<p><strong>* Quintus Varus :<\/strong>\u00a0traitement des d\u00e9formations du petit orteil[\/vc_column_text][\/vc_column_inner][vc_column_inner width=\u00a0\u00bb1\/2&Prime;]<div class=\"tm-sbox tm-sbox-iconalign-left-spacing none tm-sbox-bgcolor-transparent tm-bgcolor-transparent tm-sbox-textcolor- tm-textcolor- tm-sbox-isize-md tm-sbox-isize-md tm-sbox-istyle-none  tm-sbox-heading-only\"><section class=\"tm-vc_cta3-container\"><div class=\"tm-vc_general tm-vc_cta3 tm-vc_cta3-align-left tm-vc_cta3-icon-size-md tm-vc_cta3-icons-left tm-vc_cta3-actions-no\"><div class=\"tm-vc_cta3-icons tm-wrap-cell\"><div class=\"tm-vc_icon_element tm-vc_icon_element-outer tm-vc_icon_element-align-left \"><div class=\"tm-vc_icon_element-inner  tm-vc_icon_element-color-skincolor tm-vc_icon_element-size-md tm-vc_icon_element-style-none tm-vc_icon_element-background-color-grey\" ><span class=\"tm-vc_icon_element-icon fa fa-angle-right\" ><\/span><\/div><\/div><\/div><div class=\"tm-vc_cta3_content-container\"><div class=\"tm-vc_cta3-content\"><div class=\"tm-vc_cta3-content-header tm-wrap\"><div class=\"tm-vc_cta3-headers tm-wrap-cell\"><h2 class=\"tm-custom-heading \" >Ecarteur d'orteils<\/h2>\n<\/div><\/div><\/div><div class=\"tm-cta3-desc-btn-wrapper\"><div class=\"tm-cta3-description\"><div class=\"tm-cta3-content-wrapper\"><p>12\u20ac<\/p><\/div><\/div><\/div><\/div><\/div><\/section><\/div><div class=\"tm-sbox tm-sbox-iconalign-left-spacing none tm-sbox-bgcolor-transparent tm-bgcolor-transparent tm-sbox-textcolor- tm-textcolor- tm-sbox-isize-md tm-sbox-isize-md tm-sbox-istyle-none  tm-sbox-heading-only\"><section class=\"tm-vc_cta3-container\"><div class=\"tm-vc_general tm-vc_cta3 tm-vc_cta3-align-left tm-vc_cta3-icon-size-md tm-vc_cta3-icons-left tm-vc_cta3-actions-no\"><div class=\"tm-vc_cta3-icons tm-wrap-cell\"><div class=\"tm-vc_icon_element tm-vc_icon_element-outer tm-vc_icon_element-align-left \"><div class=\"tm-vc_icon_element-inner  tm-vc_icon_element-color-skincolor tm-vc_icon_element-size-md tm-vc_icon_element-style-none tm-vc_icon_element-background-color-grey\" ><span class=\"tm-vc_icon_element-icon fa fa-angle-right\" ><\/span><\/div><\/div><\/div><div class=\"tm-vc_cta3_content-container\"><div class=\"tm-vc_cta3-content\"><div class=\"tm-vc_cta3-content-header tm-wrap\"><div class=\"tm-vc_cta3-headers tm-wrap-cell\"><h2 class=\"tm-custom-heading \" >Chevauchement d'orteils \/ Orteils en marteau<\/h2>\n<\/div><\/div><\/div><div class=\"tm-cta3-desc-btn-wrapper\"><div class=\"tm-cta3-description\"><div class=\"tm-cta3-content-wrapper\"><p>25\u20ac<\/p><\/div><\/div><\/div><\/div><\/div><\/section><\/div><div class=\"tm-sbox tm-sbox-iconalign-left-spacing none tm-sbox-bgcolor-transparent tm-bgcolor-transparent tm-sbox-textcolor- tm-textcolor- tm-sbox-isize-md tm-sbox-isize-md tm-sbox-istyle-none  tm-sbox-heading-only\"><section class=\"tm-vc_cta3-container\"><div class=\"tm-vc_general tm-vc_cta3 tm-vc_cta3-align-left tm-vc_cta3-icon-size-md tm-vc_cta3-icons-left tm-vc_cta3-actions-no\"><div class=\"tm-vc_cta3-icons tm-wrap-cell\"><div class=\"tm-vc_icon_element tm-vc_icon_element-outer tm-vc_icon_element-align-left \"><div class=\"tm-vc_icon_element-inner  tm-vc_icon_element-color-skincolor tm-vc_icon_element-size-md tm-vc_icon_element-style-none tm-vc_icon_element-background-color-grey\" ><span class=\"tm-vc_icon_element-icon fa fa-angle-right\" ><\/span><\/div><\/div><\/div><div class=\"tm-vc_cta3_content-container\"><div class=\"tm-vc_cta3-content\"><div class=\"tm-vc_cta3-content-header tm-wrap\"><div class=\"tm-vc_cta3-headers tm-wrap-cell\"><h2 class=\"tm-custom-heading \" >Ecarteur + Cors<\/h2>\n<\/div><\/div><\/div><div class=\"tm-cta3-desc-btn-wrapper\"><div class=\"tm-cta3-description\"><div class=\"tm-cta3-content-wrapper\"><p>20\u20ac<\/p><\/div><\/div><\/div><\/div><\/div><\/section><\/div><div class=\"tm-sbox tm-sbox-iconalign-left-spacing none tm-sbox-bgcolor-transparent tm-bgcolor-transparent tm-sbox-textcolor- tm-textcolor- tm-sbox-isize-md tm-sbox-isize-md tm-sbox-istyle-none  tm-sbox-heading-only\"><section class=\"tm-vc_cta3-container\"><div class=\"tm-vc_general tm-vc_cta3 tm-vc_cta3-align-left tm-vc_cta3-icon-size-md tm-vc_cta3-icons-left tm-vc_cta3-actions-no\"><div class=\"tm-vc_cta3-icons tm-wrap-cell\"><div class=\"tm-vc_icon_element tm-vc_icon_element-outer tm-vc_icon_element-align-left \"><div class=\"tm-vc_icon_element-inner  tm-vc_icon_element-color-skincolor tm-vc_icon_element-size-md tm-vc_icon_element-style-none tm-vc_icon_element-background-color-grey\" ><span class=\"tm-vc_icon_element-icon fa fa-angle-right\" ><\/span><\/div><\/div><\/div><div class=\"tm-vc_cta3_content-container\"><div class=\"tm-vc_cta3-content\"><div class=\"tm-vc_cta3-content-header tm-wrap\"><div class=\"tm-vc_cta3-headers tm-wrap-cell\"><h2 class=\"tm-custom-heading \" >Ecarteur \u0153il-de-perdrix<\/h2>\n<\/div><\/div><\/div><div class=\"tm-cta3-desc-btn-wrapper\"><div class=\"tm-cta3-description\"><div class=\"tm-cta3-content-wrapper\"><p>15\u20ac<\/p><\/div><\/div><\/div><\/div><\/div><\/section><\/div><div class=\"tm-sbox tm-sbox-iconalign-left-spacing none tm-sbox-bgcolor-transparent tm-bgcolor-transparent tm-sbox-textcolor- tm-textcolor- tm-sbox-isize-md tm-sbox-isize-md tm-sbox-istyle-none  tm-sbox-heading-only\"><section class=\"tm-vc_cta3-container\"><div class=\"tm-vc_general tm-vc_cta3 tm-vc_cta3-align-left tm-vc_cta3-icon-size-md tm-vc_cta3-icons-left tm-vc_cta3-actions-no\"><div class=\"tm-vc_cta3-icons tm-wrap-cell\"><div class=\"tm-vc_icon_element tm-vc_icon_element-outer tm-vc_icon_element-align-left \"><div class=\"tm-vc_icon_element-inner  tm-vc_icon_element-color-skincolor tm-vc_icon_element-size-md tm-vc_icon_element-style-none tm-vc_icon_element-background-color-grey\" ><span class=\"tm-vc_icon_element-icon fa fa-angle-right\" ><\/span><\/div><\/div><\/div><div class=\"tm-vc_cta3_content-container\"><div class=\"tm-vc_cta3-content\"><div class=\"tm-vc_cta3-content-header tm-wrap\"><div class=\"tm-vc_cta3-headers tm-wrap-cell\"><h2 class=\"tm-custom-heading \" >Cor \u00e0 l'extr\u00e9mit\u00e9<\/h2>\n<\/div><\/div><\/div><div class=\"tm-cta3-desc-btn-wrapper\"><div class=\"tm-cta3-description\"><div class=\"tm-cta3-content-wrapper\"><p>20\u20ac<\/p><\/div><\/div><\/div><\/div><\/div><\/section><\/div>[\/vc_column_inner][\/vc_row_inner][\/vc_column][\/vc_row][vc_row tm_bgcolor=\u00a0\u00bbdarkgrey\u00a0\u00bb tm_bgimagefixed=\u00a0\u00bb\u00a0\u00bb full_width=\u00a0\u00bbstretch_row\u00a0\u00bb css=\u00a0\u00bb.vc_custom_1587825220048{padding-top: 110px !important;padding-bottom: 165px !important;background-image: url(https:\/\/lp-pedicure.be\/wp-content\/uploads\/2020\/04\/pic03.jpg?id=3892) !important;background-position: center !important;background-repeat: no-repeat !important;background-size: cover !important;}\u00a0\u00bb tm_responsive_css=\u00a0\u00bb46543308|colbreak_no|||||||||colbreak_no|||||65px||40px||colbreak_no||||||||||colbreak_no|||||||||\u00a0\u00bb][vc_column][vc_column_text]<\/p>\n<h3><span style=\"color: #99cc00;\">Onychoplastie &amp; Orthonyxie<\/span><\/h3>\n<p>Entretenir et sublimer vos ongles de mani\u00e8re naturelle ![\/vc_column_text][vc_row_inner][vc_column_inner width=\u00a0\u00bb1\/2&Prime;][vc_column_text]<\/p>\n<h4><span style=\"color: #99cc00;\">Onychoplastie<\/span><\/h4>\n<p>Regroupe les techniques d\u2019ongle artificiel, ou proth\u00e8se ungu\u00e9ale, utilis\u00e9 dans deux cas bien pr\u00e9cis\u00a0:[\/vc_column_text]<ul class=\"tm-list tm-list-style-icon tm-list-icon-color-skincolor tm-white tm-icon-skincolor tm-list-textsize- tm-list-icon-library-fontawesome\"><li><i class=\"tm-skincolor fa fa-caret-right\"><\/i>  <span class=\"tm-list-li-content\">Pour \u00e9viter une d\u00e9formation post-traumatique des sillons de l\u2019ongle en cas d\u2019accident dans la vie de tous les jours.<\/span><\/li><li><i class=\"tm-skincolor fa fa-caret-right\"><\/i>  <span class=\"tm-list-li-content\">La r\u00e9sine utilis\u00e9e pour la pose de l\u2019ongle artificiel est un v\u00e9ritable poison pour la mycose.<\/span><\/li><\/ul><div class=\"tm-sbox tm-sbox-iconalign-left-spacing none tm-sbox-bgcolor-transparent tm-bgcolor-transparent tm-sbox-textcolor- tm-textcolor- tm-sbox-isize-md tm-sbox-isize-md tm-sbox-istyle-none  tm-sbox-heading-only\"><section class=\"tm-vc_cta3-container\"><div class=\"tm-vc_general tm-vc_cta3 tm-vc_cta3-align-left tm-vc_cta3-icon-size-md tm-vc_cta3-icons-left tm-vc_cta3-actions-no\"><div class=\"tm-vc_cta3-icons tm-wrap-cell\"><div class=\"tm-vc_icon_element tm-vc_icon_element-outer tm-vc_icon_element-align-left \"><div class=\"tm-vc_icon_element-inner  tm-vc_icon_element-color-skincolor tm-vc_icon_element-size-md tm-vc_icon_element-style-none tm-vc_icon_element-background-color-grey\" ><span class=\"tm-vc_icon_element-icon fa fa-angle-right\" ><\/span><\/div><\/div><\/div><div class=\"tm-vc_cta3_content-container\"><div class=\"tm-vc_cta3-content\"><div class=\"tm-vc_cta3-content-header tm-wrap\"><div class=\"tm-vc_cta3-headers tm-wrap-cell\"><h2 class=\"tm-custom-heading \" >Ongle articiel en r\u00e9sine acrylique \u00e0 froid<\/h2>\n<\/div><\/div><\/div><div class=\"tm-cta3-desc-btn-wrapper\"><div class=\"tm-cta3-description\"><div class=\"tm-cta3-content-wrapper\"><p>40\u20ac<\/p><\/div><\/div><\/div><\/div><\/div><\/section><\/div>[vc_single_image image=\u00a0\u00bb3877&Prime; img_size=\u00a0\u00bbmedium\u00a0\u00bb][vc_single_image image=\u00a0\u00bb3851&Prime; img_size=\u00a0\u00bbfull\u00a0\u00bb][\/vc_column_inner][vc_column_inner width=\u00a0\u00bb1\/2&Prime;][vc_column_text]<\/p>\n<h4><span style=\"color: #99cc00;\">Orthonyxie<\/span><\/h4>\n<p>Regroupe diff\u00e9rentes techniques s\u2019appliquant \u00e0 un ongle dont la croissance pr\u00e9sente une anomalie :[\/vc_column_text]<ul class=\"tm-list tm-list-style-icon tm-list-icon-color-skincolor tm-white tm-icon-skincolor tm-list-textsize- tm-list-icon-library-fontawesome\"><li><i class=\"tm-skincolor fa fa-caret-right\"><\/i>  <span class=\"tm-list-li-content\">Le redressement de l'ongle est une pr\u00e9vention des ongles incarn\u00e9s qui consiste \u00e0 corriger la courbure de l'ongle.<\/span><\/li><li><i class=\"tm-skincolor fa fa-caret-right\"><\/i>  <span class=\"tm-list-li-content\">La correction de l'ongle permet de neutraliser tout conflit douloureux et de lui redonner une morphologie normale.<\/span><\/li><\/ul><div class=\"tm-sbox tm-sbox-iconalign-left-spacing none tm-sbox-bgcolor-transparent tm-bgcolor-transparent tm-sbox-textcolor- tm-textcolor- tm-sbox-isize-md tm-sbox-isize-md tm-sbox-istyle-none  tm-sbox-heading-only\"><section class=\"tm-vc_cta3-container\"><div class=\"tm-vc_general tm-vc_cta3 tm-vc_cta3-align-left tm-vc_cta3-icon-size-md tm-vc_cta3-icons-left tm-vc_cta3-actions-no\"><div class=\"tm-vc_cta3-icons tm-wrap-cell\"><div class=\"tm-vc_icon_element tm-vc_icon_element-outer tm-vc_icon_element-align-left \"><div class=\"tm-vc_icon_element-inner  tm-vc_icon_element-color-skincolor tm-vc_icon_element-size-md tm-vc_icon_element-style-none tm-vc_icon_element-background-color-grey\" ><span class=\"tm-vc_icon_element-icon fa fa-thumbs-o-up\" ><\/span><\/div><\/div><\/div><div class=\"tm-vc_cta3_content-container\"><div class=\"tm-vc_cta3-content\"><div class=\"tm-vc_cta3-content-header tm-wrap\"><div class=\"tm-vc_cta3-headers tm-wrap-cell\"><h2 class=\"tm-custom-heading \" >B.S Spange *<\/h2>\n<\/div><\/div><\/div><div class=\"tm-cta3-desc-btn-wrapper\"><div class=\"tm-cta3-description\"><div class=\"tm-cta3-content-wrapper\"><p>25\u20ac<\/p><\/div><\/div><\/div><\/div><\/div><\/section><\/div><div class=\"tm-sbox tm-sbox-iconalign-left-spacing none tm-sbox-bgcolor-transparent tm-bgcolor-transparent tm-sbox-textcolor- tm-textcolor- tm-sbox-isize-md tm-sbox-isize-md tm-sbox-istyle-none  tm-sbox-heading-only\"><section class=\"tm-vc_cta3-container\"><div class=\"tm-vc_general tm-vc_cta3 tm-vc_cta3-align-left tm-vc_cta3-icon-size-md tm-vc_cta3-icons-left tm-vc_cta3-actions-no\"><div class=\"tm-vc_cta3-icons tm-wrap-cell\"><div class=\"tm-vc_icon_element tm-vc_icon_element-outer tm-vc_icon_element-align-left \"><div class=\"tm-vc_icon_element-inner  tm-vc_icon_element-color-skincolor tm-vc_icon_element-size-md tm-vc_icon_element-style-none tm-vc_icon_element-background-color-grey\" ><span class=\"tm-vc_icon_element-icon fa fa-thumbs-o-up\" ><\/span><\/div><\/div><\/div><div class=\"tm-vc_cta3_content-container\"><div class=\"tm-vc_cta3-content\"><div class=\"tm-vc_cta3-content-header tm-wrap\"><div class=\"tm-vc_cta3-headers tm-wrap-cell\"><h2 class=\"tm-custom-heading \" >Bacquart *<\/h2>\n<\/div><\/div><\/div><div class=\"tm-cta3-desc-btn-wrapper\"><div class=\"tm-cta3-description\"><div class=\"tm-cta3-content-wrapper\"><p>35\u20ac<\/p><\/div><\/div><\/div><\/div><\/div><\/section><\/div><div class=\"tm-sbox tm-sbox-iconalign-left-spacing none tm-sbox-bgcolor-transparent tm-bgcolor-transparent tm-sbox-textcolor- tm-textcolor- tm-sbox-isize-md tm-sbox-isize-md tm-sbox-istyle-none  tm-sbox-heading-only\"><section class=\"tm-vc_cta3-container\"><div class=\"tm-vc_general tm-vc_cta3 tm-vc_cta3-align-left tm-vc_cta3-icon-size-md tm-vc_cta3-icons-left tm-vc_cta3-actions-no\"><div class=\"tm-vc_cta3-icons tm-wrap-cell\"><div class=\"tm-vc_icon_element tm-vc_icon_element-outer tm-vc_icon_element-align-left \"><div class=\"tm-vc_icon_element-inner  tm-vc_icon_element-color-skincolor tm-vc_icon_element-size-md tm-vc_icon_element-style-none tm-vc_icon_element-background-color-grey\" ><span class=\"tm-vc_icon_element-icon fa fa-thumbs-o-up\" ><\/span><\/div><\/div><\/div><div class=\"tm-vc_cta3_content-container\"><div class=\"tm-vc_cta3-content\"><div class=\"tm-vc_cta3-content-header tm-wrap\"><div class=\"tm-vc_cta3-headers tm-wrap-cell\"><h2 class=\"tm-custom-heading \" >Gutta Percha *<\/h2>\n<\/div><\/div><\/div><div class=\"tm-cta3-desc-btn-wrapper\"><div class=\"tm-cta3-description\"><div class=\"tm-cta3-content-wrapper\"><p>10\u20ac<\/p><\/div><\/div><\/div><\/div><\/div><\/section><\/div><div class=\"tm-sbox tm-sbox-iconalign-left-spacing none tm-sbox-bgcolor-transparent tm-bgcolor-transparent tm-sbox-textcolor- tm-textcolor- tm-sbox-isize-md tm-sbox-isize-md tm-sbox-istyle-none  tm-sbox-heading-only\"><section class=\"tm-vc_cta3-container\"><div class=\"tm-vc_general tm-vc_cta3 tm-vc_cta3-align-left tm-vc_cta3-icon-size-md tm-vc_cta3-icons-left tm-vc_cta3-actions-no\"><div class=\"tm-vc_cta3-icons tm-wrap-cell\"><div class=\"tm-vc_icon_element tm-vc_icon_element-outer tm-vc_icon_element-align-left \"><div class=\"tm-vc_icon_element-inner  tm-vc_icon_element-color-skincolor tm-vc_icon_element-size-md tm-vc_icon_element-style-none tm-vc_icon_element-background-color-grey\" ><span class=\"tm-vc_icon_element-icon fa fa-thumbs-o-up\" ><\/span><\/div><\/div><\/div><div class=\"tm-vc_cta3_content-container\"><div class=\"tm-vc_cta3-content\"><div class=\"tm-vc_cta3-content-header tm-wrap\"><div class=\"tm-vc_cta3-headers tm-wrap-cell\"><h2 class=\"tm-custom-heading \" >Anneau de Ross Fraser *<\/h2>\n<\/div><\/div><\/div><div class=\"tm-cta3-desc-btn-wrapper\"><div class=\"tm-cta3-description\"><div class=\"tm-cta3-content-wrapper\"><p>40\u20ac<\/p><\/div><\/div><\/div><\/div><\/div><\/section><\/div>[vc_column_text]<strong>* B.S. Spange \/ Bacquart :<\/strong>\u00a0utilis\u00e9 en cas de sillon enflamm\u00e9, infect\u00e9 ou pr\u00e9sentant des cors p\u00e9ri-ungu\u00e9aux.<\/p>\n<p><strong>* Gutta Percha :<\/strong>\u00a0utilis\u00e9 en cas d\u2019ongles incarn\u00e9s.<\/p>\n<p><strong>* Anneau de Ross Fraser :<\/strong>\u00a0fil d\u2019acier inoxydable dur stabilis\u00e9 durant 5 \u00e0 6 mois pour la correction de l\u2019ongle.[\/vc_column_text][\/vc_column_inner][\/vc_row_inner][\/vc_column][\/vc_row]<\/p>\n","protected":false},"excerpt":{"rendered":"<p>[vc_row tm_bgimagefixed=\u00a0\u00bb\u00a0\u00bb break_in_responsive=\u00a0\u00bb991&Prime; full_width=\u00a0\u00bbstretch_row\u00a0\u00bb css=\u00a0\u00bb.vc_custom_1555911544356{padding-bottom: 100px !important;}\u00a0\u00bb tm_responsive_css=\u00a0\u00bb64972087|colbreak_no|||||||||colbreak_no|||||25px||10px||colbreak_no||||||||||colbreak_no|||||||||\u00a0\u00bb][vc_column css=\u00a0\u00bb.vc_custom_1554110401019{padding-right: 25px !important;}\u00a0\u00bb][vc_column_text] Les soins que je r\u00e9alise servent essentiellement \u00e0 vous\u00a0soulager, \u00e0\u00a0traiter\u00a0et \u00e0\u00a0pr\u00e9venir\u00a0toutes les affections du pied en g\u00e9n\u00e9ral comme les durillons, les cors, les \u0153il-de-perdrix, les ongles incarn\u00e9s, les mycoses, \u2026 afin d\u2019\u00e9viter toutes infections ou risques de complications douloureuses. C\u2019est enfin en faisant\u00a0preuve de &hellip; <a href=\"https:\/\/lp-pedicure.be\/index.php\/services\/\" class=\"more-link\">Continue reading <span class=\"screen-reader-text\">P\u00e9dicure m\u00e9dicale<\/span><\/a><\/p>\n","protected":false},"author":1,"featured_media":0,"parent":0,"menu_order":7,"comment_status":"closed","ping_status":"closed","template":"","meta":{"footnotes":""},"class_list":["post-1921","page","type-page","status-publish","hentry"],"_links":{"self":[{"href":"https:\/\/lp-pedicure.be\/index.php\/wp-json\/wp\/v2\/pages\/1921"}],"collection":[{"href":"https:\/\/lp-pedicure.be\/index.php\/wp-json\/wp\/v2\/pages"}],"about":[{"href":"https:\/\/lp-pedicure.be\/index.php\/wp-json\/wp\/v2\/types\/page"}],"author":[{"embeddable":true,"href":"https:\/\/lp-pedicure.be\/index.php\/wp-json\/wp\/v2\/users\/1"}],"replies":[{"embeddable":true,"href":"https:\/\/lp-pedicure.be\/index.php\/wp-json\/wp\/v2\/comments?post=1921"}],"version-history":[{"count":8,"href":"https:\/\/lp-pedicure.be\/index.php\/wp-json\/wp\/v2\/pages\/1921\/revisions"}],"predecessor-version":[{"id":3894,"href":"https:\/\/lp-pedicure.be\/index.php\/wp-json\/wp\/v2\/pages\/1921\/revisions\/3894"}],"wp:attachment":[{"href":"https:\/\/lp-pedicure.be\/index.php\/wp-json\/wp\/v2\/media?parent=1921"}],"curies":[{"name":"wp","href":"https:\/\/api.w.org\/{rel}","templated":true}]}}